{"id":108,"date":"2024-01-10T11:09:42","date_gmt":"2024-01-10T11:09:42","guid":{"rendered":"https:\/\/vrlogic.eu\/?page_id=108"},"modified":"2025-09-29T11:39:10","modified_gmt":"2025-09-29T10:39:10","slug":"impressum","status":"publish","type":"page","link":"https:\/\/vrlogic.eu\/eng\/impressum\/","title":{"rendered":"Imprint"},"content":{"rendered":"\t\t<div data-elementor-type=\"wp-page\" data-elementor-id=\"108\" class=\"elementor elementor-108\" data-elementor-settings=\"{&quot;ha_cmc_init_switcher&quot;:&quot;no&quot;}\">\n\t\t\t\t<header class=\"elementor-element elementor-element-f66d589 e-flex e-con-boxed wpr-particle-no wpr-jarallax-no wpr-parallax-no wpr-sticky-section-no wpr-equal-height-no e-con e-parent\" data-id=\"f66d589\" data-element_type=\"container\" data-e-type=\"container\" data-settings=\"{&quot;shape_divider_bottom&quot;:&quot;pyramids&quot;,&quot;_ha_eqh_enable&quot;:false}\">\n\t\t\t\t\t<div class=\"e-con-inner\">\n\t\t\t\t<div class=\"elementor-shape elementor-shape-bottom\" aria-hidden=\"true\" data-negative=\"false\">\n\t\t\t<svg xmlns=\"http:\/\/www.w3.org\/2000\/svg\" viewBox=\"0 0 1000 100\" preserveAspectRatio=\"none\">\n\t<path class=\"elementor-shape-fill\" d=\"M761.9,44.1L643.1,27.2L333.8,98L0,3.8V0l1000,0v3.9\"\/>\n<\/svg>\t\t<\/div>\n\t\t<div class=\"elementor-element elementor-element-abdeab1 e-con-full e-flex wpr-particle-no wpr-jarallax-no wpr-parallax-no wpr-sticky-section-no wpr-equal-height-no e-con e-child\" data-id=\"abdeab1\" data-element_type=\"container\" data-e-type=\"container\" data-settings=\"{&quot;_ha_eqh_enable&quot;:false}\">\n\t\t\t\t<div class=\"elementor-element elementor-element-c305853 ha-has-bg-overlay elementor-widget elementor-widget-ha-page-title happy-addon ha-page-title\" data-id=\"c305853\" data-element_type=\"widget\" data-e-type=\"widget\" data-widget_type=\"ha-page-title.default\">\n\t\t\t\t<div class=\"elementor-widget-container\">\n\t\t\t\t\t<h1 class=\"ha-page-title elementor-size-default\">Impressum<\/h1>\t\t\t\t<\/div>\n\t\t\t\t<\/div>\n\t\t\t\t<\/div>\n\t\t\t\t\t<\/div>\n\t\t\t\t<\/header>\n\t\t<div class=\"elementor-element elementor-element-7584936 e-flex e-con-boxed wpr-particle-no wpr-jarallax-no wpr-parallax-no wpr-sticky-section-no wpr-equal-height-no e-con e-parent\" data-id=\"7584936\" data-element_type=\"container\" data-e-type=\"container\" data-settings=\"{&quot;shape_divider_bottom&quot;:&quot;pyramids&quot;,&quot;_ha_eqh_enable&quot;:false}\">\n\t\t\t\t\t<div class=\"e-con-inner\">\n\t\t\t\t<div class=\"elementor-shape elementor-shape-bottom\" aria-hidden=\"true\" data-negative=\"false\">\n\t\t\t<svg xmlns=\"http:\/\/www.w3.org\/2000\/svg\" viewBox=\"0 0 1000 100\" preserveAspectRatio=\"none\">\n\t<path class=\"elementor-shape-fill\" d=\"M761.9,44.1L643.1,27.2L333.8,98L0,3.8V0l1000,0v3.9\"\/>\n<\/svg>\t\t<\/div>\n\t\t\t\t<div class=\"elementor-element elementor-element-17266b5 elementor-widget-mobile__width-inherit elementor-widget elementor-widget-pp-divider\" data-id=\"17266b5\" data-element_type=\"widget\" data-e-type=\"widget\" data-widget_type=\"pp-divider.default\">\n\t\t\t\t<div class=\"elementor-widget-container\">\n\t\t\t\t\t\t\t<div class=\"pp-divider-wrap\">\n\t\t\t\t\t\t\t<div class=\"pp-divider pp-divider-vertical vertical\"><\/div>\n\t\t\t\t\t\t<\/div>    \n\t\t\t\t\t\t<\/div>\n\t\t\t\t<\/div>\n\t\t\t\t\t<\/div>\n\t\t\t\t<\/div>\n\t\t\t\t<div class=\"unlimited-elements-background-overlay\" data-forid=\"7584936\" data-location=\"body\" style=\"display:none\">\n\t\t\t<template>\n\t\t\t\n<!-- start Masks &amp; Patterns Background -->\n<style>\/* widget: Masks &amp; Patterns Background *\/\n\n\n\n\n\n@media only screen and (max-width: 767px) {\n    }\n\n<\/style>\n\n<div id=\"uc_masks_patterns_bg_addon11850\">\n    <\/div>\n<script type=\"text\/javascript\"  id=\"ue_script_masks_patterns\">\n\n\/* Masks & Patterns Background scripts: *\/ \n\njQuery(document).ready(function(){\nfunction uc_masks_patterns_bg_addon11850_start(){\n\t\t\t\n\t\t\n  var objWidget = jQuery(\"#uc_masks_patterns_bg_addon11850\");\n  var objParent = objWidget.parent();\n  var dataLocation = objParent.data(\"location\");\n \n  \/\/fix for bg location\n  function initFixForBgLocation(){\n    var objWidget = jQuery(\"#uc_masks_patterns_bg_addon11850\");\n    var objParent = objWidget.parent();\n    \n    if(!objParent || objParent.length == 0)\n      return(false);\n    \n        var dataLocation = objParent.data(\"location\");\n   \n    if(!dataLocation || dataLocation != \"back\")\n      return(false);\n     \n    \n    var objMainHolder = objParent.parent();\n     \n    if(!objMainHolder || objMainHolder.length == 0)\n      return(false);\n    \n    \/\/adjust z-index for UE bg overlay    \n    objParent.css(\"z-index\", 1);\n    \n    \/\/adjust z-index for Elementor MAin Container where both overlay are located\n    var initialZIndex = objMainHolder.css(\"--z-index\");\n    \n    if(!initialZIndex || initialZIndex == \"\" || initialZIndex == \"revert\" || initialZIndex < 1 || initialZIndex == \"auto\")\n      objMainHolder.css(\"--z-index\", 1);\n  }\n\n  \/\/init fix\n  initFixForBgLocation();\n    \t\n}if(jQuery(\"#uc_masks_patterns_bg_addon11850\").length && !jQuery(\"#uc_masks_patterns_bg_addon11850\").parents('[data-elementor-type=\"popup\"]').length) uc_masks_patterns_bg_addon11850_start();\n\tjQuery( document ).on( 'elementor\/popup\/show', (event, id, objPopup) => {\n\tif(objPopup.$element.has(jQuery(\"#uc_masks_patterns_bg_addon11850\")).length) uc_masks_patterns_bg_addon11850_start()});\n});\n\t\t\t\n<\/script>\n<!-- end Masks & Patterns Background -->\t\t\t<\/template>\n\t\t<\/div>\n\t\t\n\t\t<div class=\"elementor-element elementor-element-f176589 e-flex e-con-boxed wpr-particle-no wpr-jarallax-no wpr-parallax-no wpr-sticky-section-no wpr-equal-height-no e-con e-parent\" data-id=\"f176589\" data-element_type=\"container\" data-e-type=\"container\" data-settings=\"{&quot;background_background&quot;:&quot;classic&quot;,&quot;_ha_eqh_enable&quot;:false}\">\n\t\t\t\t\t<div class=\"e-con-inner\">\n\t\t\t\t<div class=\"elementor-element elementor-element-104781f elementor-widget-divider--view-line elementor-widget elementor-widget-divider\" data-id=\"104781f\" data-element_type=\"widget\" data-e-type=\"widget\" data-widget_type=\"divider.default\">\n\t\t\t\t<div class=\"elementor-widget-container\">\n\t\t\t\t\t\t\t<div class=\"elementor-divider\">\n\t\t\t<span class=\"elementor-divider-separator\">\n\t\t\t\t\t\t<\/span>\n\t\t<\/div>\n\t\t\t\t\t\t<\/div>\n\t\t\t\t<\/div>\n\t\t\t\t<div class=\"elementor-element elementor-element-00ca5ab elementor-widget elementor-widget-text-editor\" data-id=\"00ca5ab\" data-element_type=\"widget\" data-e-type=\"widget\" data-widget_type=\"text-editor.default\">\n\t\t\t\t<div class=\"elementor-widget-container\">\n\t\t\t\t\t\t\t\t\t<h6>Publisher\/Herausgeber<\/h6>\n<p>VRLOGIC GmbH<br \/>Am Bauhof 18<br \/>64807 Dieburg<br \/>Germany<\/p>\n<p>Tel.: +49 (0) 6071 88139-0<br \/>Fax: +49 (0) 6071 88139-88<br \/>Email: sales[@]vrlogic.com<\/p>\n<!-- \/wp:paragraph --><!-- wp:paragraph -->\n<p>Amtsgericht Darmstadt, HRB 33555<br \/>Umsatzsteuer-Identifikationsnummer gem\u00e4\u00df \u00a727a Umsatzsteuergesetz: DE222502568<br \/>Steuernummer: 007 247 70853<br \/>WEEE-Reg.-Nr. DE 88777366<\/p>\n<!-- \/wp:paragraph --><!-- \/wp:group --><!-- wp:group {\"style\":{\"spacing\":{\"margin\":{\"top\":\"var:preset|spacing|50\",\"bottom\":\"var:preset|spacing|50\"}}},\"layout\":{\"type\":\"constrained\"}} -->\n<div class=\"wp-block-group\" style=\"margin-top: var(--wp--preset--spacing--50); margin-bottom: var(--wp--preset--spacing--50);\"><!-- wp:heading {\"level\":4} -->\n<h4 class=\"wp-block-heading\">Managing Director\/Gesch\u00e4ftsf\u00fchrer<\/h4>\n<!-- \/wp:heading --><!-- wp:paragraph -->\n<p>Andreas Sch\u00f6bel, Christian Sch\u00f6bel<\/p>\n<!-- \/wp:paragraph --><!-- wp:heading {\"level\":4} -->\n<h4 class=\"wp-block-heading\">Urheberrecht<\/h4>\n<!-- \/wp:heading --><!-- wp:paragraph -->\n<p>Copyright 2002-2024 VRLOGIC GmbH. Alle Rechte vorbehalten. All rights reserved.<\/p>\n<!-- \/wp:paragraph --><!-- wp:paragraph -->\n<p>Alle Texte, Bilder, Grafiken, Ton-, Spiel- und sonstige interaktiven Elemente unterliegen dem Urheberrecht sowie anderen Gesetzen zum Schutz geistigen Eigentums. Jede Ver\u00e4nderung, Weitergabe, Einbindung auf anderen Websites oder sonstige Verwendung bedarf der Genehmigung durch die VRLOGIC GmbH. VRLOGIC ist ein eingetragenes Warenzeichen der VRLOGIC GmbH.<\/p>\n<!-- \/wp:paragraph --><!-- wp:paragraph -->\n<p>Alle Handelsnamen, Firmennamen und Produktnamen sind Warenzeichen oder eingetragene Warenzeichen ihrer jeweiligen Eigent\u00fcmer.<\/p>\n<!-- \/wp:paragraph --><\/div>\n<!-- \/wp:group --><!-- wp:group {\"style\":{\"spacing\":{\"margin\":{\"top\":\"var:preset|spacing|50\",\"bottom\":\"var:preset|spacing|50\"}}},\"layout\":{\"type\":\"constrained\"}} -->\n<div class=\"wp-block-group\" style=\"margin-top: var(--wp--preset--spacing--50); margin-bottom: var(--wp--preset--spacing--50);\"><!-- wp:heading {\"level\":4} -->\n<h4 class=\"wp-block-heading\">Haftungsausschluss\/Disclaimer<\/h4>\n<!-- \/wp:heading --><!-- wp:paragraph -->\n<p>Die Inhalte unserer Seiten wurden sorgf\u00e4ltig gepr\u00fcft und warden regelm\u00e4\u00dfig aktualisiert.<\/p>\n<!-- \/wp:paragraph --><!-- wp:paragraph -->\n<p>Dennoch \u00fcbernehmen die Autoren und Herausgeber, die VRLOGIC GmbH f\u00fcr die Richtigkeit von Angaben, Hinweise, sowie f\u00fcr eventuelle Fehler keinerlei Haftung. Es kann jedoch keine Garantie daf\u00fcr \u00fcbernommen werden, dass alle Angaben zu jeder Zeit vollst\u00e4ndig, richtig und mit letzter Aktualit\u00e4t dargestellt sind.<\/p>\n<!-- \/wp:paragraph --><!-- wp:paragraph -->\n<p>Mit Urteil vom 12. Mai 1998 hat das Landgericht Hamburg entschieden, dass man durch die Aufbringung eines Links die Inhalte der gelinkten Seite ggf. mit zu verantworten hat. Dies kann &#8211; so das LG &#8211; nur dadurch verhindert werden, dass man sich ausdr\u00fccklich von diesen Inhalten distanziert. Auf dieser Website sind Links zu anderen Seiten im Internet gelegt. F\u00fcr alle Links dieser Homepage gilt: Die Betreiber von vrlogic.com m\u00f6chten ausdr\u00fccklich betonen, dass sie keinerlei Einfluss auf die Gestaltung und die Inhalte der gelinkten Seiten haben. Deshalb distanzieren sie sich hiermit ausdr\u00fccklich von allen Inhalten aller gelinkten Seiten auf ihrer Website. Gleiches gilt f\u00fcr Links in s\u00e4mtlichen E-Mails. Alle ver\u00f6ffentlichten Beitr\u00e4ge sind urheberrechtlich gesch\u00fctzt. Nachdruck oder Ver\u00f6ffentlichung &#8211; auch in Teilen &#8211; nur mit ausdr\u00fccklicher schriftlicher Genehmigung der VRLOGIC GmbH. Alle ver\u00f6ffentlichten Beitr\u00e4ge sind Eigentum der jeweiligen Webmaster und\/oder der VRLOGIC GmbH. Nachdruck oder Ver\u00f6ffentlichung nur mit ausdr\u00fccklicher schriftlicher Genehmigung des Rechtsinhabers. Alle genannten Namen, Warenzeichen und verwendeten Logos sind das Eigentum des jeweiligen Herstellers oder Lizenzgebers.\u00a0<\/p>\n<!-- \/wp:paragraph --><!-- wp:paragraph -->\n<p>Alle Angaben k\u00f6nnen ohne vorherige Ank\u00fcndigung ge\u00e4ndert, entfernt oder erg\u00e4nzt werden. Die VRLOGIC GmbH \u00fcbernimmt daher keinerlei Haftung f\u00fcr etwaige Fehler, Unterlassungen oder Sch\u00e4den, die sich aus der Verwendung der auf unseren Internetseiten enthaltenen Informationen ergeben.<\/p>\n<!-- \/wp:paragraph --><!-- wp:paragraph -->\n<p>Trotz sorgf\u00e4ltiger inhaltlicher Kontrolle \u00fcbernehmen wir keine Haftung f\u00fcr die Inhalte externer Links. F\u00fcr den Inhalt verlinkter Seiten sind ausschlie\u00dflich deren Betreiber verantwortlich.\u00a0<\/p>\n<!-- \/wp:paragraph --><\/div>\n<!-- \/wp:group --><!-- wp:group {\"style\":{\"spacing\":{\"margin\":{\"top\":\"var:preset|spacing|50\",\"bottom\":\"var:preset|spacing|50\"}}},\"layout\":{\"type\":\"constrained\"}} -->\n<div class=\"wp-block-group\" style=\"margin-top: var(--wp--preset--spacing--50); margin-bottom: var(--wp--preset--spacing--50);\"><!-- wp:heading {\"level\":4} -->\n<h4 class=\"wp-block-heading\">Hinweis<\/h4>\n<!-- \/wp:heading --><!-- wp:paragraph -->\n<p>Keine Abmahnung ohne vorherigen schriftlichen Kontakt! Sollte der Inhalt oder die Aufmachung unserer Webseiten fremde Rechte Dritter oder gesetzliche Bestimmungen verletzen, so bitten wir um eine entsprechende Nachricht ohne Kostennote. Die Beseitigung einer m\u00f6glicherweise von diesen Seiten ausgehenden Schutzrecht-Verletzung durch Schutzrecht-Inhaber\/Innen selbst darf nicht ohne unsere Zustimmung stattfinden.\u00a0<\/p>\n<!-- \/wp:paragraph --><!-- wp:paragraph -->\n<p>Wir garantieren, dass die zu Recht beanstandeten Passagen unverz\u00fcglich entfernt werden, ohne dass von Ihrer Seite die Einschaltung eines Rechtsbeistandes erforderlich ist. Dennoch von Ihnen ohne vorherige Kontaktaufnahme ausgel\u00f6ste Kosten werden wir vollumf\u00e4nglich zur\u00fcckweisen und gegebenenfalls Gegenklage wegen Verletzung vorgenannter Bestimmungen einreichen.\u00a0<\/p>\n<!-- \/wp:paragraph --><\/div>\n<!-- \/wp:group --><!-- wp:group {\"style\":{\"spacing\":{\"margin\":{\"top\":\"var:preset|spacing|50\",\"bottom\":\"var:preset|spacing|50\"}}},\"layout\":{\"type\":\"constrained\"}} -->\n<div class=\"wp-block-group\" style=\"margin-top: var(--wp--preset--spacing--50); margin-bottom: var(--wp--preset--spacing--50);\"><!-- wp:heading {\"level\":4} -->\n<h4 class=\"wp-block-heading\">Cookies<\/h4>\n<!-- \/wp:heading --><!-- wp:paragraph -->\n<p>Die Internetseiten verwenden teilweise so genannte Cookies. Cookies richten auf Ihrem Rechner keinen Schaden an und enthalten keine Viren. Cookies dienen dazu, unser Angebot nutzerfreundlicher, effektiver und sicherer zu machen. Cookies sind kleine Textdateien, die auf Ihrem Rechner abgelegt werden und die Ihr Browser speichert.<\/p>\n<!-- \/wp:paragraph --><!-- wp:paragraph -->\n<p>Die meisten der von uns verwendeten Cookies sind so genannte \u201eSession-Cookies\u201c. Sie werden nach Ende Ihres Besuchs automatisch gel\u00f6scht. Andere Cookies bleiben auf Ihrem Endger\u00e4t gespeichert, bis Sie diese l\u00f6schen. Diese Cookies erm\u00f6glichen es uns, Ihren Browser beim n\u00e4chsten Besuch wiederzuerkennen.<\/p>\n<!-- \/wp:paragraph --><!-- wp:paragraph -->\n<p>Sie k\u00f6nnen Ihren Browser so einstellen, dass Sie \u00fcber das Setzen von Cookies informiert werden und Cookies nur im Einzelfall erlauben, die Annahme von Cookies f\u00fcr bestimmte F\u00e4lle oder generell ausschlie\u00dfen sowie das automatische L\u00f6schen der Cookies beim Schlie\u00dfen des Browser aktivieren. Bei der Deaktivierung von Cookies kann die Funktionalit\u00e4t dieser Website eingeschr\u00e4nkt sein.<\/p>\n<!-- \/wp:paragraph --><\/div>\n<!-- \/wp:group -->\t\t\t\t\t\t\t\t<\/div>\n\t\t\t\t<\/div>\n\t\t\t\t\t<\/div>\n\t\t\t\t<\/div>\n\t\t\t\t<\/div>\n\t\t","protected":false},"excerpt":{"rendered":"<p>Impressum Publisher\/Herausgeber VRLOGIC GmbHAm Bauhof 1864807 DieburgGermany Tel.: +49 (0) 6071 88139-0Fax: +49 (0) 6071 88139-88Email: sales[@]vrlogic.com Amtsgericht Darmstadt, HRB 33555Umsatzsteuer-Identifikationsnummer gem\u00e4\u00df \u00a727a Umsatzsteuergesetz: DE222502568Steuernummer: 007 247 70853WEEE-Reg.-Nr. DE 88777366 Managing Director\/Gesch\u00e4ftsf\u00fchrer Andreas Sch\u00f6bel, Christian Sch\u00f6bel Urheberrecht Copyright 2002-2024 VRLOGIC GmbH. Alle Rechte vorbehalten. All rights reserved. Alle Texte, Bilder, Grafiken, Ton-, Spiel- und sonstige interaktiven Elemente unterliegen dem Urheberrecht sowie anderen Gesetzen zum Schutz geistigen Eigentums. Jede Ver\u00e4nderung, Weitergabe, Einbindung auf anderen Websites oder sonstige Verwendung bedarf der Genehmigung durch die VRLOGIC GmbH. VRLOGIC ist ein eingetragenes Warenzeichen der VRLOGIC GmbH. Alle Handelsnamen, Firmennamen und Produktnamen sind Warenzeichen oder eingetragene Warenzeichen ihrer jeweiligen Eigent\u00fcmer. Haftungsausschluss\/Disclaimer Die Inhalte unserer Seiten wurden sorgf\u00e4ltig gepr\u00fcft und warden regelm\u00e4\u00dfig aktualisiert. Dennoch \u00fcbernehmen die Autoren und Herausgeber, die VRLOGIC GmbH f\u00fcr die Richtigkeit von Angaben, Hinweise, sowie f\u00fcr eventuelle Fehler keinerlei Haftung. Es kann jedoch keine Garantie daf\u00fcr \u00fcbernommen werden, dass alle Angaben zu jeder Zeit vollst\u00e4ndig, richtig und mit letzter Aktualit\u00e4t dargestellt sind. Mit Urteil vom 12. Mai 1998 hat das Landgericht Hamburg entschieden, dass man durch die Aufbringung eines Links die Inhalte der gelinkten Seite ggf. mit zu verantworten hat. Dies kann &#8211; so das LG &#8211; nur dadurch verhindert werden, dass man sich ausdr\u00fccklich von diesen Inhalten distanziert. Auf dieser Website sind Links zu anderen Seiten im Internet gelegt. F\u00fcr alle Links dieser Homepage gilt: Die Betreiber von vrlogic.com m\u00f6chten ausdr\u00fccklich betonen, dass sie keinerlei Einfluss auf die Gestaltung und die Inhalte der gelinkten Seiten haben. Deshalb distanzieren sie sich hiermit ausdr\u00fccklich von allen Inhalten aller gelinkten Seiten auf ihrer Website. Gleiches gilt f\u00fcr Links in s\u00e4mtlichen E-Mails. Alle ver\u00f6ffentlichten Beitr\u00e4ge sind urheberrechtlich gesch\u00fctzt. Nachdruck oder Ver\u00f6ffentlichung &#8211; auch in Teilen &#8211; nur mit ausdr\u00fccklicher schriftlicher Genehmigung der VRLOGIC GmbH. Alle ver\u00f6ffentlichten Beitr\u00e4ge sind Eigentum der jeweiligen Webmaster und\/oder der VRLOGIC GmbH. Nachdruck oder Ver\u00f6ffentlichung nur mit ausdr\u00fccklicher schriftlicher Genehmigung des Rechtsinhabers. Alle genannten Namen, Warenzeichen und verwendeten Logos sind das Eigentum des jeweiligen Herstellers oder Lizenzgebers.\u00a0 Alle Angaben k\u00f6nnen ohne vorherige Ank\u00fcndigung ge\u00e4ndert, entfernt oder erg\u00e4nzt werden. Die VRLOGIC GmbH \u00fcbernimmt daher keinerlei Haftung f\u00fcr etwaige Fehler, Unterlassungen oder Sch\u00e4den, die sich aus der Verwendung der auf unseren Internetseiten enthaltenen Informationen ergeben. Trotz sorgf\u00e4ltiger inhaltlicher Kontrolle \u00fcbernehmen wir keine Haftung f\u00fcr die Inhalte externer Links. F\u00fcr den Inhalt verlinkter Seiten sind ausschlie\u00dflich deren Betreiber verantwortlich.\u00a0 Hinweis Keine Abmahnung ohne vorherigen schriftlichen Kontakt! Sollte der Inhalt oder die Aufmachung unserer Webseiten fremde Rechte Dritter oder gesetzliche Bestimmungen verletzen, so bitten wir um eine entsprechende Nachricht ohne Kostennote. Die Beseitigung einer m\u00f6glicherweise von diesen Seiten ausgehenden Schutzrecht-Verletzung durch Schutzrecht-Inhaber\/Innen selbst darf nicht ohne unsere Zustimmung stattfinden.\u00a0 Wir garantieren, dass die zu Recht beanstandeten Passagen unverz\u00fcglich entfernt werden, ohne dass von Ihrer Seite die Einschaltung eines Rechtsbeistandes erforderlich ist. Dennoch von Ihnen ohne vorherige Kontaktaufnahme ausgel\u00f6ste Kosten werden wir vollumf\u00e4nglich zur\u00fcckweisen und gegebenenfalls Gegenklage wegen Verletzung vorgenannter Bestimmungen einreichen.\u00a0 Cookies Die Internetseiten verwenden teilweise so genannte Cookies. Cookies richten auf Ihrem Rechner keinen Schaden an und enthalten keine Viren. Cookies dienen dazu, unser Angebot nutzerfreundlicher, effektiver und sicherer zu machen. Cookies sind kleine Textdateien, die auf Ihrem Rechner abgelegt werden und die Ihr Browser speichert. Die meisten der von uns verwendeten Cookies sind so genannte \u201eSession-Cookies\u201c. Sie werden nach Ende Ihres Besuchs automatisch gel\u00f6scht. Andere Cookies bleiben auf Ihrem Endger\u00e4t gespeichert, bis Sie diese l\u00f6schen. Diese Cookies erm\u00f6glichen es uns, Ihren Browser beim n\u00e4chsten Besuch wiederzuerkennen. Sie k\u00f6nnen Ihren Browser so einstellen, dass Sie \u00fcber das Setzen von Cookies informiert werden und Cookies nur im Einzelfall erlauben, die Annahme von Cookies f\u00fcr bestimmte F\u00e4lle oder generell ausschlie\u00dfen sowie das automatische L\u00f6schen der Cookies beim Schlie\u00dfen des Browser aktivieren. Bei der Deaktivierung von Cookies kann die Funktionalit\u00e4t dieser Website eingeschr\u00e4nkt sein.<\/p>\n","protected":false},"author":1,"featured_media":0,"parent":0,"menu_order":0,"comment_status":"closed","ping_status":"closed","template":"elementor_header_footer","meta":{"_acf_changed":false,"footnotes":""},"class_list":["post-108","page","type-page","status-publish","hentry"],"acf":[],"_links":{"self":[{"href":"https:\/\/vrlogic.eu\/eng\/wp-json\/wp\/v2\/pages\/108","targetHints":{"allow":["GET"]}}],"collection":[{"href":"https:\/\/vrlogic.eu\/eng\/wp-json\/wp\/v2\/pages"}],"about":[{"href":"https:\/\/vrlogic.eu\/eng\/wp-json\/wp\/v2\/types\/page"}],"author":[{"embeddable":true,"href":"https:\/\/vrlogic.eu\/eng\/wp-json\/wp\/v2\/users\/1"}],"replies":[{"embeddable":true,"href":"https:\/\/vrlogic.eu\/eng\/wp-json\/wp\/v2\/comments?post=108"}],"version-history":[{"count":21,"href":"https:\/\/vrlogic.eu\/eng\/wp-json\/wp\/v2\/pages\/108\/revisions"}],"predecessor-version":[{"id":6107,"href":"https:\/\/vrlogic.eu\/eng\/wp-json\/wp\/v2\/pages\/108\/revisions\/6107"}],"wp:attachment":[{"href":"https:\/\/vrlogic.eu\/eng\/wp-json\/wp\/v2\/media?parent=108"}],"curies":[{"name":"wp","href":"https:\/\/api.w.org\/{rel}","templated":true}]}}