{"id":153,"date":"2024-01-10T14:02:33","date_gmt":"2024-01-10T14:02:33","guid":{"rendered":"https:\/\/vrlogic.eu\/?page_id=153"},"modified":"2025-09-29T11:17:59","modified_gmt":"2025-09-29T10:17:59","slug":"about-us","status":"publish","type":"page","link":"https:\/\/vrlogic.eu\/eng\/about-us\/","title":{"rendered":"About Us"},"content":{"rendered":"<div data-elementor-type=\"wp-page\" data-elementor-id=\"153\" class=\"elementor elementor-153\" data-elementor-settings=\"{&quot;ha_cmc_init_switcher&quot;:&quot;no&quot;}\">\n\t\t\t\t<div class=\"elementor-element elementor-element-341d722c e-flex e-con-boxed wpr-particle-no wpr-jarallax-no wpr-parallax-no wpr-sticky-section-no wpr-equal-height-no e-con e-parent\" data-id=\"341d722c\" data-element_type=\"container\" data-e-type=\"container\" data-settings=\"{&quot;_ha_eqh_enable&quot;:false}\">\n\t\t\t\t\t<div class=\"e-con-inner\">\n\t\t\t\t<div class=\"elementor-element elementor-element-2f249ce6 elementor-widget elementor-widget-text-editor\" data-id=\"2f249ce6\" data-element_type=\"widget\" data-e-type=\"widget\" data-widget_type=\"text-editor.default\">\n\t\t\t\t<div class=\"elementor-widget-container\">\n\t\t\t\t\t\t\t\t\t<figure class=\"wp-block-post-featured-image\"><img fetchpriority=\"high\" decoding=\"async\" width=\"1445\" height=\"765\" src=\"https:\/\/vrlogic.eu\/wp-content\/uploads\/2024\/01\/Gruppenbild-1445x765.jpg\" class=\"attachment-post-thumbnail size-post-thumbnail wp-post-image\" alt=\"\" style=\"object-fit:cover;\" srcset=\"https:\/\/vrlogic.eu\/wp-content\/uploads\/2024\/01\/Gruppenbild-1445x765.jpg 1445w, https:\/\/vrlogic.eu\/wp-content\/uploads\/2024\/01\/Gruppenbild-300x159.jpg 300w, https:\/\/vrlogic.eu\/wp-content\/uploads\/2024\/01\/Gruppenbild-1024x542.jpg 1024w, https:\/\/vrlogic.eu\/wp-content\/uploads\/2024\/01\/Gruppenbild-768x407.jpg 768w, https:\/\/vrlogic.eu\/wp-content\/uploads\/2024\/01\/Gruppenbild-1536x813.jpg 1536w, https:\/\/vrlogic.eu\/wp-content\/uploads\/2024\/01\/Gruppenbild-2048x1085.jpg 2048w, https:\/\/vrlogic.eu\/wp-content\/uploads\/2024\/01\/Gruppenbild-18x10.jpg 18w\" sizes=\"(max-width: 1445px) 100vw, 1445px\" \/><\/figure>\n<p>\u00a0<\/p>\n\n<div class=\"wp-block-group is-layout-constrained wp-container-core-group-is-layout-655fcc6a wp-block-group-is-layout-constrained\" style=\"padding-top: var(--wp--preset--spacing--70); padding-bottom: var(--wp--preset--spacing--70);\">\n<p><strong>As a system house, VRLOGIC GmbH specializes in consulting, sales and support for hardware, software, complete solutions and services in the field of professional virtual reality, augmented reality and 3D applications. Over 25 years of experience and partnerships with trend-setting companies in the industry enable consulting services tailored to individual use cases. In addition, the demo center operated by VRLOGIC GmbH near Frankfurt offers the unique opportunity to experience leading software applications and VR\/ AR\/ 3D visualization systems on site and evaluate them with your own CAD data.<\/strong><\/p>\n<\/div>\n\n<div class=\"wp-block-group has-light-background-color has-secondary-background-color has-text-color has-background has-link-color wp-elements-cb65ce482fdf0c23e696509489a6a24d is-content-justification-center is-layout-constrained wp-container-core-group-is-layout-12538196 wp-block-group-is-layout-constrained\" style=\"padding-top: var(--wp--preset--spacing--70); padding-bottom: var(--wp--preset--spacing--70);\">\n<h3 class=\"wp-block-heading has-text-align-center\" style=\"margin: var(--wp--preset--spacing--70) 0 var(--wp--preset--spacing--70) 0;\">Team<\/h3>\n\n<div class=\"wp-block-group is-layout-grid wp-container-core-group-is-layout-3057bf03 wp-block-group-is-layout-grid\" style=\"padding: 0;\">\n<div class=\"wp-block-group has-x-small-font-size wp-container-content-04f98a6f is-vertical is-layout-flex wp-container-core-group-is-layout-e1300cac wp-block-group-is-layout-flex\">\n<div class=\"wp-block-uagb-image aligncenter uagb-block-fd5dc4a3 wp-block-uagb-image--layout-default wp-block-uagb-image--effect-static wp-block-uagb-image--align-center\">\n<figure class=\"wp-block-uagb-image__figure\"><img decoding=\"async\" title=\"\" role=\"img\" src=\"https:\/\/vrlogic.eu\/wp-content\/uploads\/2024\/01\/AndreasS-683x1024.jpg\" sizes=\"(max-width: 480px) 150px\" srcset=\"https:\/\/vrlogic.eu\/wp-content\/uploads\/2024\/01\/AndreasS-683x1024.jpg \" alt=\"\" width=\"683\" height=\"400\" \/><\/figure>\n<\/div>\n\n<h4 class=\"wp-block-heading\">Andreas Sch\u00f6bel<\/h4>\n\n<h5 class=\"wp-block-heading\">Managing Director<\/h5>\n\n<p>Der Start vor mehr als 25 Jahren, als die VR noch in den Kinderschuhen steckte, war nicht einfach. Gemeinsam mit meinem Bruder Christian und einem tollen Team konnten wir dann unsere Vision verwirklichen. Jetzt haben wir mit Partnerschaften, die sich \u00fcber den ganzen Globus erstrecken, eine gro\u00dfe Kundendatenbank aufgebaut und realisierten Projekten, die zur VR-Branche beigetragen haben. Die Konkurrenz ist gro\u00df und nur durch harte Arbeit und Beharrlichkeit sind wir da, wo wir heute sind.<\/p>\n\n<p>Auch wenn ich liebe, was ich tue, l\u00e4sst der Stresspegel nie nach &#8211; ich habe mein Ventil im Langstreckenlauf gefunden. Drei Marathons sp\u00e4ter, zusammen mit ein paar Rennen, laufe ich jetzt regelm\u00e4\u00dfig, bei Wind und Wetter. Ich bin am kreativsten, wenn ich laufe, aber was ist der eigentliche Reiz f\u00fcr mich? Es liegt nicht im Gewinnen, sondern im Wissen, dass ich mein Bestes gegeben habe; f\u00fcr mich habe ich schon gewonnen.<\/p>\n<\/div>\n\n<div class=\"wp-block-group has-x-small-font-size wp-container-content-04f98a6f is-vertical is-layout-flex wp-container-core-group-is-layout-e1300cac wp-block-group-is-layout-flex\">\n<div class=\"wp-block-uagb-image aligncenter uagb-block-d531fab5 wp-block-uagb-image--layout-default wp-block-uagb-image--effect-static wp-block-uagb-image--align-center\">\n<figure class=\"wp-block-uagb-image__figure\"><img decoding=\"async\" title=\"\" role=\"img\" src=\"https:\/\/vrlogic.eu\/wp-content\/uploads\/2024\/01\/ChristianS-779x1024.jpg\" sizes=\"(max-width: 480px) 150px\" srcset=\"https:\/\/vrlogic.eu\/wp-content\/uploads\/2024\/01\/ChristianS-779x1024.jpg \" alt=\"\" width=\"779\" height=\"400\" \/><\/figure>\n<\/div>\n\n<h4 class=\"wp-block-heading\">Christian\u00a0Sch\u00f6bel<\/h4>\n\n<h5 class=\"wp-block-heading\">Managing Director<\/h5>\n\n<p>Bereits w\u00e4hrend meiner schulischen Ausbildung habe ich 1986 mein erstes Handelsunternehmen f\u00fcr Computeranlagen gegr\u00fcndet. Im Folgenden spezialisierte ich mich zunehmend auf Technologien und Systeml\u00f6sungen der virtuellen Realit\u00e4t und der Stereo 3D Visualisierung. Dabei gelang es mir, stets fr\u00fchzeitig Hersteller mit Marktpotential zu identifizieren, die heute als Marktf\u00fchrerin ihren Bereichen zum Portfolio der VRLOGIC z\u00e4hlen.<\/p>\n\n<p>Neben der Beratung f\u00fcr Visualisierungsl\u00f6sungen bin ich f\u00fcr die Finanzen, das Business Development und die Ausbildung im Unternehmen verantwortlich. Privat spielt Technik f\u00fcr mich keine Rolle. Meine freie Zeit verbringe ich am liebsten mit Familie und Freunden, meinen Kois oder meiner Leidenschaft f\u00fcr das Imkern, Kochen und Schwei\u00dfen.<\/p>\n<\/div>\n\n<div class=\"wp-block-group has-x-small-font-size wp-container-content-04f98a6f is-vertical is-layout-flex wp-container-core-group-is-layout-e1300cac wp-block-group-is-layout-flex\">\n<div class=\"wp-block-uagb-image aligncenter uagb-block-a45e7af0 wp-block-uagb-image--layout-default wp-block-uagb-image--effect-static wp-block-uagb-image--align-center alignleft\">\n<figure class=\"wp-block-uagb-image__figure\"><img loading=\"lazy\" decoding=\"async\" title=\"\" role=\"img\" src=\"https:\/\/vrlogic.eu\/wp-content\/uploads\/2024\/01\/MarkF-699x1024.jpg\" sizes=\"(max-width: 480px) 150px\" srcset=\"https:\/\/vrlogic.eu\/wp-content\/uploads\/2024\/01\/MarkF-699x1024.jpg \" alt=\"\" width=\"699\" height=\"400\" \/><\/figure>\n<\/div>\n\n<h4 class=\"wp-block-heading\">Mark Fehling<\/h4>\n\n<h5 class=\"wp-block-heading\">Account Manager<\/h5>\n\n<p>W\u00e4hrend meines Studiums der Wirtschaftswissenschaften an der Goethe-Universit\u00e4t in Frankfurt am Main konnte ich als Assistent der Gesch\u00e4ftsf\u00fchrung bereits fr\u00fch wesentliche Einblicke in die Unternehmensentwicklung gewinnen und an einer Vielzahl von Projekten mitwirken.<\/p>\n\n<p>Heute betreue ich als Account Manager weltweit Kunden und Partner &#8211; vornehmlich hinsichtlich der Integration von Virtual Reality im (Aus-)Bildungsbereich. Das Motivierendste wie auch Zufriedenstellendste an meiner Arbeit sind die spannenden Gespr\u00e4che, Ideen und L\u00f6sungen, wie sie abwechslungsreicher nicht sein k\u00f6nnten. Und wenn es eine freie halbe Stunde gibt, unterhalte ich mich liebend gerne \u00fcber Eintracht Frankfurt oder gro\u00dfartige Rockbands.<\/p>\n<\/div>\n\n<div class=\"wp-block-group has-x-small-font-size wp-container-content-04f98a6f is-vertical is-layout-flex wp-container-core-group-is-layout-e1300cac wp-block-group-is-layout-flex\">\n<div class=\"wp-block-uagb-image aligncenter uagb-block-f879f56d wp-block-uagb-image--layout-default wp-block-uagb-image--effect-static wp-block-uagb-image--align-center alignleft\">\n<figure class=\"wp-block-uagb-image__figure\"><img loading=\"lazy\" decoding=\"async\" title=\"\" role=\"img\" src=\"https:\/\/vrlogic.eu\/wp-content\/uploads\/2024\/01\/LarsH-805x1024.jpg\" sizes=\"(max-width: 480px) 150px\" srcset=\"https:\/\/vrlogic.eu\/wp-content\/uploads\/2024\/01\/LarsH-805x1024.jpg \" alt=\"\" width=\"805\" height=\"400\" \/><\/figure>\n<\/div>\n\n<h4 class=\"wp-block-heading\">Lars H\u00fcbner<\/h4>\n\n<h5 class=\"wp-block-heading\">VR Solutions Specialist\/Sales &amp; Support<\/h5>\n\n<p>Mein Werdegang begann mit der beruflichen Ausbildung an der Landrat-Gruber-Schule in Dieburg mit der Fachrichtung InformatiInformationstechnischer Assistent. Im Zuge dessen kam ich zur VRLOGIC, wo ich von 2017 bis 2020 meine Ausbildung zum IT-Systemkaufmann absolvierte.<\/p>\n\n<p>Hier bin ich, nach wie vor, f\u00fcr die IT-Abteilung verantwortlich und trage einen gro\u00dfen Teil zu unserem VR-Gesch\u00e4ft bei. Mein technisches Know-how hilft dabei, gro\u00dfe Projekte wie CAVEs oder PowerWalls zu realisieren und in Stand zu halten. Au\u00dferdem erstelle ich fesselnde und informative Videos f\u00fcr unsere Social-Media-Plattformen. Auf die Frage, was meine Hobbys sind, sind Computer in allen Formen und Gr\u00f6\u00dfen meine erste Antwort, gefolgt von Videospielen. Ich bin ein gro\u00dfer Fan von RPGs, die Fantasy- und Sci-Fi-Genres umfassen.<\/p>\n<\/div>\n<\/div>\n<\/div>\n\n<div class=\"wp-block-group is-layout-constrained wp-container-core-group-is-layout-655fcc6a wp-block-group-is-layout-constrained\" style=\"padding-top: var(--wp--preset--spacing--70); padding-bottom: var(--wp--preset--spacing--70);\">\n<p><strong>We serve customers worldwide in industry, education, healthcare and research &amp; development:<\/strong><\/p>\n\n<div class=\"wp-block-uagb-image aligncenter uagb-block-56338326 wp-block-uagb-image--layout-default wp-block-uagb-image--effect-static wp-block-uagb-image--align-center\">\n<figure class=\"wp-block-uagb-image__figure\"><img loading=\"lazy\" decoding=\"async\" title=\"\" role=\"img\" src=\"https:\/\/vrlogic.eu\/wp-content\/uploads\/2024\/01\/VRLOGIC-Kunden-Weltkarte-1024x506.png\" sizes=\"(max-width: 480px) 150px\" srcset=\"https:\/\/vrlogic.eu\/wp-content\/uploads\/2024\/01\/VRLOGIC-Kunden-Weltkarte-1024x506.png \" alt=\"\" width=\"1024\" height=\"506\" \/><\/figure>\n<\/div>\n<\/div>\n\n<div class=\"wp-block-group has-secondary-background-color has-background is-layout-constrained wp-block-group-is-layout-constrained\">\n<div class=\"wp-block-spacer\" style=\"height: 100px;\" aria-hidden=\"true\">\u00a0<\/div>\n<\/div>\n\n<div class=\"wp-block-group is-layout-constrained wp-container-core-group-is-layout-a5588b2a wp-block-group-is-layout-constrained\" style=\"padding: var(--wp--preset--spacing--70) var(--wp--preset--spacing--50) var(--wp--preset--spacing--70) var(--wp--preset--spacing--50);\"><\/div>\n\t\t\t\t\t\t\t\t<\/div>\n\t\t\t\t<\/div>\n\t\t\t\t\t<\/div>\n\t\t\t\t<\/div>\n\t\t\t\t<section class=\"elementor-section elementor-top-section elementor-element elementor-element-964e35b elementor-section-full_width elementor-section-height-default elementor-section-height-default wpr-particle-no wpr-jarallax-no wpr-parallax-no wpr-sticky-section-no wpr-equal-height-no\" data-id=\"964e35b\" data-element_type=\"section\" data-e-type=\"section\" data-settings=\"{&quot;background_background&quot;:&quot;classic&quot;,&quot;_ha_eqh_enable&quot;:false}\">\n\t\t\t\t\t\t<div class=\"elementor-container elementor-column-gap-no\">\n\t\t\t\t\t<div class=\"elementor-column elementor-col-100 elementor-top-column elementor-element elementor-element-970044c\" data-id=\"970044c\" data-element_type=\"column\" data-e-type=\"column\">\n\t\t\t<div class=\"elementor-widget-wrap elementor-element-populated\">\n\t\t\t\t\t\t<div class=\"elementor-element elementor-element-c5e8a78 elementor-widget-tablet__width-initial wpr-stt-btn-align-fixed wpr-stt-btn-align-fixed-right elementor-widget elementor-widget-wpr-back-to-top\" data-id=\"c5e8a78\" data-element_type=\"widget\" data-e-type=\"widget\" data-widget_type=\"wpr-back-to-top.default\">\n\t\t\t\t<div class=\"elementor-widget-container\">\n\t\t\t\t\t<div class=\"wpr-stt-wrapper\"><div class='wpr-stt-btn' data-settings='{&quot;animation&quot;:&quot;fade&quot;,&quot;animationOffset&quot;:&quot;0&quot;,&quot;animationDuration&quot;:&quot;200&quot;,&quot;fixed&quot;:&quot;fixed&quot;,&quot;scrolAnim&quot;:&quot;800&quot;}'><span class=\"wpr-stt-icon\"><svg class=\"e-font-icon-svg e-fas-chevron-up\" viewbox=\"0 0 448 512\" xmlns=\"http:\/\/www.w3.org\/2000\/svg\"><path d=\"M240.971 130.524l194.343 194.343c9.373 9.373 9.373 24.569 0 33.941l-22.667 22.667c-9.357 9.357-24.522 9.375-33.901.04L224 227.495 69.255 381.516c-9.379 9.335-24.544 9.317-33.901-.04l-22.667-22.667c-9.373-9.373-9.373-24.569 0-33.941L207.03 130.525c9.372-9.373 24.568-9.373 33.941-.001z\"><\/path><\/svg><\/span><\/div><\/div>\t\t\t\t<\/div>\n\t\t\t\t<\/div>\n\t\t\t\t\t<\/div>\n\t\t<\/div>\n\t\t\t\t\t<\/div>\n\t\t<\/section>\n\t\t\t\t<\/div>","protected":false},"excerpt":{"rendered":"<p>\u00a0 Die VRLOGIC GmbH ist als Systemhaus auf Beratung, Vertrieb und Support von Hardware, Software, Gesamtl\u00f6sungen und Dienstleistungen im Bereich professioneller Virtual Reality, Augmented Reality sowie 3D-Anwendungen spezialisiert. \u00dcber 25 Jahre Erfahrung und Partnerschaften mit den richtungsweisenden Unternehmen der Branche erm\u00f6glichen eine auf den individuellen Use-Case ma\u00dfgeschneiderte Consulting-Leistung. Zudem bietet das von der VRLOGIC GmbH betriebene Demo-Center in der N\u00e4he von Frankfurt die europaweit einzigartige M\u00f6glichkeit vor Ort f\u00fchrende Softwareanwendungen und VR\/ AR\/ 3D-Visualisierungssysteme zu erleben und mit den eigenen CAD-Daten zu evaluieren. Team Andreas Sch\u00f6bel Gesch\u00e4ftsf\u00fchrer Der Start vor mehr als 25 Jahren, als die VR noch in den Kinderschuhen steckte, war nicht einfach. Gemeinsam mit meinem Bruder Christian und einem tollen Team konnten wir dann unsere Vision verwirklichen. Jetzt haben wir mit Partnerschaften, die sich \u00fcber den ganzen Globus erstrecken, eine gro\u00dfe Kundendatenbank aufgebaut und realisierten Projekten, die zur VR-Branche beigetragen haben. Die Konkurrenz ist gro\u00df und nur durch harte Arbeit und Beharrlichkeit sind wir da, wo wir heute sind. Auch wenn ich liebe, was ich tue, l\u00e4sst der Stresspegel nie nach &#8211; ich habe mein Ventil im Langstreckenlauf gefunden. Drei Marathons sp\u00e4ter, zusammen mit ein paar Rennen, laufe ich jetzt regelm\u00e4\u00dfig, bei Wind und Wetter. Ich bin am kreativsten, wenn ich laufe, aber was ist der eigentliche Reiz f\u00fcr mich? Es liegt nicht im Gewinnen, sondern im Wissen, dass ich mein Bestes gegeben habe; f\u00fcr mich habe ich schon gewonnen. Christian\u00a0Sch\u00f6bel Gesch\u00e4ftsf\u00fchrer Bereits w\u00e4hrend meiner schulischen Ausbildung habe ich 1986 mein erstes Handelsunternehmen f\u00fcr Computeranlagen gegr\u00fcndet. Im Folgenden spezialisierte ich mich zunehmend auf Technologien und Systeml\u00f6sungen der virtuellen Realit\u00e4t und der Stereo 3D Visualisierung. Dabei gelang es mir, stets fr\u00fchzeitig Hersteller mit Marktpotential zu identifizieren, die heute als Marktf\u00fchrerin ihren Bereichen zum Portfolio der VRLOGIC z\u00e4hlen. Neben der Beratung f\u00fcr Visualisierungsl\u00f6sungen bin ich f\u00fcr die Finanzen, das Business Development und die Ausbildung im Unternehmen verantwortlich. Privat spielt Technik f\u00fcr mich keine Rolle. Meine freie Zeit verbringe ich am liebsten mit Familie und Freunden, meinen Kois oder meiner Leidenschaft f\u00fcr das Imkern, Kochen und Schwei\u00dfen. Mark Fehling Account Manager W\u00e4hrend meines Studiums der Wirtschaftswissenschaften an der Goethe-Universit\u00e4t in Frankfurt am Main konnte ich als Assistent der Gesch\u00e4ftsf\u00fchrung bereits fr\u00fch wesentliche Einblicke in die Unternehmensentwicklung gewinnen und an einer Vielzahl von Projekten mitwirken. Heute betreue ich als Account Manager weltweit Kunden und Partner &#8211; vornehmlich hinsichtlich der Integration von Virtual Reality im (Aus-)Bildungsbereich. Das Motivierendste wie auch Zufriedenstellendste an meiner Arbeit sind die spannenden Gespr\u00e4che, Ideen und L\u00f6sungen, wie sie abwechslungsreicher nicht sein k\u00f6nnten. Und wenn es eine freie halbe Stunde gibt, unterhalte ich mich liebend gerne \u00fcber Eintracht Frankfurt oder gro\u00dfartige Rockbands. Lars H\u00fcbner VR Solutions Specialist\/Sales &amp; Support Mein Werdegang begann mit der beruflichen Ausbildung an der Landrat-Gruber-Schule in Dieburg mit der Fachrichtung InformatiInformationstechnischer Assistent. Im Zuge dessen kam ich zur VRLOGIC, wo ich von 2017 bis 2020 meine Ausbildung zum IT-Systemkaufmann absolvierte. Hier bin ich, nach wie vor, f\u00fcr die IT-Abteilung verantwortlich und trage einen gro\u00dfen Teil zu unserem VR-Gesch\u00e4ft bei. Mein technisches Know-how hilft dabei, gro\u00dfe Projekte wie CAVEs oder PowerWalls zu realisieren und in Stand zu halten. Au\u00dferdem erstelle ich fesselnde und informative Videos f\u00fcr unsere Social-Media-Plattformen. Auf die Frage, was meine Hobbys sind, sind Computer in allen Formen und Gr\u00f6\u00dfen meine erste Antwort, gefolgt von Videospielen. Ich bin ein gro\u00dfer Fan von RPGs, die Fantasy- und Sci-Fi-Genres umfassen. Wir betreuen weltweit Kunden aus der Industrie, dem Bildungssektor, dem Gesundheitswesen sowie dem Bereich Forschung und Entwicklung:<\/p>","protected":false},"author":1,"featured_media":380,"parent":0,"menu_order":0,"comment_status":"closed","ping_status":"closed","template":"","meta":{"_acf_changed":false,"footnotes":""},"class_list":["post-153","page","type-page","status-publish","has-post-thumbnail","hentry"],"acf":[],"_links":{"self":[{"href":"https:\/\/vrlogic.eu\/eng\/wp-json\/wp\/v2\/pages\/153","targetHints":{"allow":["GET"]}}],"collection":[{"href":"https:\/\/vrlogic.eu\/eng\/wp-json\/wp\/v2\/pages"}],"about":[{"href":"https:\/\/vrlogic.eu\/eng\/wp-json\/wp\/v2\/types\/page"}],"author":[{"embeddable":true,"href":"https:\/\/vrlogic.eu\/eng\/wp-json\/wp\/v2\/users\/1"}],"replies":[{"embeddable":true,"href":"https:\/\/vrlogic.eu\/eng\/wp-json\/wp\/v2\/comments?post=153"}],"version-history":[{"count":6,"href":"https:\/\/vrlogic.eu\/eng\/wp-json\/wp\/v2\/pages\/153\/revisions"}],"predecessor-version":[{"id":6085,"href":"https:\/\/vrlogic.eu\/eng\/wp-json\/wp\/v2\/pages\/153\/revisions\/6085"}],"wp:featuredmedia":[{"embeddable":true,"href":"https:\/\/vrlogic.eu\/eng\/wp-json\/wp\/v2\/media\/380"}],"wp:attachment":[{"href":"https:\/\/vrlogic.eu\/eng\/wp-json\/wp\/v2\/media?parent=153"}],"curies":[{"name":"wp","href":"https:\/\/api.w.org\/{rel}","templated":true}]}}